{"id":10,"date":"2018-01-03T04:40:08","date_gmt":"2018-01-03T04:40:08","guid":{"rendered":"http:\/\/cmp.felk.cvut.cz\/new_pages\/?page_id=10"},"modified":"2024-10-16T07:28:34","modified_gmt":"2024-10-16T07:28:34","slug":"groups-constituing-cmp","status":"publish","type":"page","link":"https:\/\/cmp.felk.cvut.cz\/new_pages\/groups-constituing-cmp\/","title":{"rendered":"Groups constituing CMP"},"content":{"rendered":"<p>At the <a href=\"http:\/\/www.fel.cvut.cz\">Faculty of Electrical Engineering<\/a>, <a href=\"http:\/\/cyber.felk.cvut.cz\/\">Department of Cybernetics<\/a><\/p>\n<ul>\n<li><a href=\"http:\/\/cmp.felk.cvut.cz\/~kybic\/\">Biomedical Imaging Algorithms<\/a><br \/>\nHead Jan Kybic<\/li>\n<li><a href=\"https:\/\/cyber.felk.cvut.cz\/research\/groups-teams\/ml\/\">Machine Learning<\/a><br \/>\nHead Boris Flach<\/li>\n<li><a href=\"http:\/\/cyber.felk.cvut.cz\/vras\">Vision for Robotics and Autonomous Systems<\/a><br \/>\nHead Tom\u00e1\u0161 Svoboda<\/li>\n<li><a href=\"https:\/\/vrg.fel.cvut.cz\">Visual Recognition Group<\/a><br \/>\nHead Ji\u0159\u00ed Matas<\/li>\n<\/ul>\n<p>At the <a href=\"http:\/\/www.ciirc.cvut.cz\">Czech Institute of Informatics, Robotics and Cybernetics<\/a>, <a href=\"http:\/\/www.ciirc.cvut.cz\/teams-labs\/rmp\/\">Robotics and Machine Perception Department<\/a><\/p>\n<ul>\n<li><a href=\"http:\/\/aag.ciirc.cvut.cz\/\">Applied Algebra and Geometry<\/a><br \/>\nHead Tom\u00e1\u0161 Pajdla<\/li>\n<li><a href=\"http:\/\/www.ciirc.cvut.cz\/teams-labs\/rmp\/rop\/\">Robot Perception<br \/>\n<\/a>Head V\u00e1clav Hlav\u00e1\u010d<\/li>\n<\/ul>\n","protected":false},"excerpt":{"rendered":"<p>At the Faculty of Electrical Engineering, Department of Cybernetics Biomedical Imaging Algorithms Head Jan Kybic Machine Learning Head Boris Flach Vision for Robotics and Autonomous Systems Head Tom\u00e1\u0161 Svoboda Visual Recognition Group Head Ji\u0159\u00ed Matas At the Czech Institute of Informatics, Robotics and Cybernetics, Robotics and Machine Perception Department Applied Algebra and Geometry Head Tom\u00e1\u0161 &hellip; <a href=\"https:\/\/cmp.felk.cvut.cz\/new_pages\/groups-constituing-cmp\/\" class=\"more-link\">Continue reading <span class=\"screen-reader-text\">Groups constituing CMP<\/span><\/a><\/p>\n","protected":false},"author":2,"featured_media":0,"parent":0,"menu_order":2,"comment_status":"closed","ping_status":"closed","template":"","meta":[],"_links":{"self":[{"href":"https:\/\/cmp.felk.cvut.cz\/new_pages\/wp-json\/wp\/v2\/pages\/10"}],"collection":[{"href":"https:\/\/cmp.felk.cvut.cz\/new_pages\/wp-json\/wp\/v2\/pages"}],"about":[{"href":"https:\/\/cmp.felk.cvut.cz\/new_pages\/wp-json\/wp\/v2\/types\/page"}],"author":[{"embeddable":true,"href":"https:\/\/cmp.felk.cvut.cz\/new_pages\/wp-json\/wp\/v2\/users\/2"}],"replies":[{"embeddable":true,"href":"https:\/\/cmp.felk.cvut.cz\/new_pages\/wp-json\/wp\/v2\/comments?post=10"}],"version-history":[{"count":5,"href":"https:\/\/cmp.felk.cvut.cz\/new_pages\/wp-json\/wp\/v2\/pages\/10\/revisions"}],"predecessor-version":[{"id":492,"href":"https:\/\/cmp.felk.cvut.cz\/new_pages\/wp-json\/wp\/v2\/pages\/10\/revisions\/492"}],"wp:attachment":[{"href":"https:\/\/cmp.felk.cvut.cz\/new_pages\/wp-json\/wp\/v2\/media?parent=10"}],"curies":[{"name":"wp","href":"https:\/\/api.w.org\/{rel}","templated":true}]}}