{"id":109,"date":"2018-02-02T00:30:04","date_gmt":"2018-02-02T00:30:04","guid":{"rendered":"http:\/\/cmp.felk.cvut.cz\/new_pages\/?page_id=109"},"modified":"2019-06-26T16:53:39","modified_gmt":"2019-06-26T16:53:39","slug":"cmp-organized-events-for-others","status":"publish","type":"page","link":"https:\/\/cmp.felk.cvut.cz\/new_pages\/cmp-organized-events-for-others\/","title":{"rendered":"CMP organized events for others"},"content":{"rendered":"<h3>Upcoming events<\/h3>\n<ul>\n<li>CMP Canoe trip May 29-31, 2020; V. Hlav\u00e1\u010d seeks organizers, ideally Ph.D. students. They will select the river.<\/li>\n<\/ul>\n<h3>Regular events<\/h3>\n<ul>\n<li><strong>One-day CMP colloquia<\/strong> (a one-day event once or twice per semester with 5-6 invited speakers, co-organized jointly with the Czech Society for Pattern Recognition. The principal organizer is <a href=\"http:\/\/cmp.felk.cvut.cz\/~matas\/\">Ji\u0159\u00ed Matas<\/a>)<\/li>\n<li><strong>Computer Vision Winter Workshops<\/strong> are are the annual meeting formed around four groups: the Pattern Recognition and Image Processing Group, TU Wien, the Visual cognitive systems laboratory and Laboratory for machine intelligence, Ljubljana, the Institute for Computer Graphics and Vision, TU Graz, and the Center for Machine Perception of the Czech Technical University in Prague. The basic goal of the workshop is to communicate fresh ideas within the four groups and provide the conference experience to Ph.D. students. The workshop is open to everyone.<\/li>\n<li><a href=\"http:\/\/cmp.felk.cvut.cz\/cmp\/canoeing\/\"><strong>CMP canoe trips<\/strong><\/a> (the last weekend of May, each year)<\/li>\n<\/ul>\n<h3>Past events<\/h3>\n<ul>\n<li>2019-05-24 to 26 <a href=\"http:\/\/cmp.felk.cvut.cz\/cmp\/canoeing\/voda2019\/\">CMP canoe trip, Berounka<\/a>, organizers V\u00e1clav Hlav\u00e1\u010d, Ond\u0159ej Hole\u0161ovsk\u00fd<\/li>\n<li>2018-05-25 to 27 <a href=\"http:\/\/people.ciirc.cvut.cz\/sejnogab\/voda2018\/\"><strong>CMP Canoe Trip<\/strong><\/a>, organizer Gabriela \u0160ejnov\u00e1, Michael Tesa\u0159<\/li>\n<li>2018-02-05 to 2018-02-07 <strong>Computer Vision Winter Workshop 2018<\/strong> organized by CMP and the Czech Pattern Recognition Society in \u010cesk\u00fd Krumlov<\/li>\n<li>2016-04-29 One full day bus <a href=\"http:\/\/cmp.felk.cvut.cz\/extevents\/to-deutsches-museum\/\">excursion for students<\/a> to the Deutsches Museum in M\u00fcnchen, Germany<\/li>\n<\/ul>\n","protected":false},"excerpt":{"rendered":"<p>Upcoming events CMP Canoe trip May 29-31, 2020; V. Hlav\u00e1\u010d seeks organizers, ideally Ph.D. students. They will select the river. Regular events One-day CMP colloquia (a one-day event once or twice per semester with 5-6 invited speakers, co-organized jointly with the Czech Society for Pattern Recognition. The principal organizer is Ji\u0159\u00ed Matas) Computer Vision Winter &hellip; <a href=\"https:\/\/cmp.felk.cvut.cz\/new_pages\/cmp-organized-events-for-others\/\" class=\"more-link\">Continue reading <span class=\"screen-reader-text\">CMP organized events for others<\/span><\/a><\/p>\n","protected":false},"author":2,"featured_media":0,"parent":0,"menu_order":6,"comment_status":"closed","ping_status":"closed","template":"","meta":[],"_links":{"self":[{"href":"https:\/\/cmp.felk.cvut.cz\/new_pages\/wp-json\/wp\/v2\/pages\/109"}],"collection":[{"href":"https:\/\/cmp.felk.cvut.cz\/new_pages\/wp-json\/wp\/v2\/pages"}],"about":[{"href":"https:\/\/cmp.felk.cvut.cz\/new_pages\/wp-json\/wp\/v2\/types\/page"}],"author":[{"embeddable":true,"href":"https:\/\/cmp.felk.cvut.cz\/new_pages\/wp-json\/wp\/v2\/users\/2"}],"replies":[{"embeddable":true,"href":"https:\/\/cmp.felk.cvut.cz\/new_pages\/wp-json\/wp\/v2\/comments?post=109"}],"version-history":[{"count":14,"href":"https:\/\/cmp.felk.cvut.cz\/new_pages\/wp-json\/wp\/v2\/pages\/109\/revisions"}],"predecessor-version":[{"id":469,"href":"https:\/\/cmp.felk.cvut.cz\/new_pages\/wp-json\/wp\/v2\/pages\/109\/revisions\/469"}],"wp:attachment":[{"href":"https:\/\/cmp.felk.cvut.cz\/new_pages\/wp-json\/wp\/v2\/media?parent=109"}],"curies":[{"name":"wp","href":"https:\/\/api.w.org\/{rel}","templated":true}]}}