{"id":12,"date":"2018-01-03T04:42:05","date_gmt":"2018-01-03T04:42:05","guid":{"rendered":"http:\/\/cmp.felk.cvut.cz\/new_pages\/?page_id=12"},"modified":"2019-01-14T14:52:21","modified_gmt":"2019-01-14T14:52:21","slug":"contacts","status":"publish","type":"page","link":"https:\/\/cmp.felk.cvut.cz\/new_pages\/contacts\/","title":{"rendered":"Contacts"},"content":{"rendered":"<h3>CMP secretariat<\/h3>\n<ul>\n<li>Person KN (Eva <a href=\"http:\/\/cmp.felk.cvut.cz\/~matyskov\/\">Matyskov\u00e1<\/a>, head, FEL members, facilities @ Dept. of Cybernetics, FEL)<\/li>\n<li>Librarian (Hana <a href=\"http:\/\/cmp.felk.cvut.cz\/~pokorhan\/\">Pokorn\u00e1)<\/a><\/li>\n<li>Person CIIRC (Petra \u017dufn\u00ed\u010dkov\u00e1, CIIRC members, facilities @ CIIRC)<\/li>\n<\/ul>\n<h3>CMP board<\/h3>\n<p>Members: Boris <a href=\"http:\/\/cmp.felk.cvut.cz\/~flachbor\/\">Flach<\/a>, Ond\u0159ej <a href=\"http:\/\/cmp.felk.cvut.cz\/~chum\/\">Chum,<\/a> V\u00e1clav <a href=\"http:\/\/people.ciirc.cvut.cz\/hlavac\/\">Hlav\u00e1\u010d<\/a> (head), Jan <a href=\"http:\/\/cmp.felk.cvut.cz\/~kybic\/\">Kybic<\/a>, Ji\u0159\u00ed <a href=\"http:\/\/cmp.felk.cvut.cz\/~matas\/\">Matas<\/a>, Eva <a href=\"http:\/\/cmp.felk.cvut.cz\/~matyskov\/\">Matyskov\u00e1<\/a>, Mirko <a href=\"http:\/\/cmp.felk.cvut.cz\/~navara\/\">Navara<\/a>, Tom\u00e1\u0161 <a href=\"http:\/\/people.ciirc.cvut.cz\/~pajdla\/\">Pajdla,<\/a> Vladim\u00edr <a href=\"http:\/\/cmp.felk.cvut.cz\/~smutny\/\">Smutn\u00fd,<\/a> Tom\u00e1\u0161 <a href=\"http:\/\/cmp.felk.cvut.cz\/~svoboda\/\">Svoboda<\/a>, Radim <a href=\"http:\/\/cmp.felk.cvut.cz\/~sara\/\">\u0160\u00e1ra,<\/a>\u00a0 Josef \u0160ivic<\/p>\n<h3>Two locations<\/h3>\n<ul>\n<li>CMP@FEL &#8211; Map<br \/>Faculty of Electrical Engineering CTU in Prague, Department of Cybernetics<br \/>121 35 Prague 2, Karlovo n\u00e1m\u011bst\u00ed 13, Building G, Room KN:G-102<\/li>\n<li>CMP@CIIRC &#8211; Map<br \/>Czech Institute of Informatics, Robotics and Cybernetics CTU in Prague, Department of Robotics and Machine Perception<br \/>166 36 Prague 6, Dejvice, Jugosl\u00e1vsk\u00fdch partyz\u00e1n\u016f 1580\/3, Building B, Room JP:B-611<\/li>\n<\/ul>\n<h3>Responsible person for CMP web<\/h3>\n<p>V\u00e1clav <a href=\"http:\/\/people.ciirc.cvut.cz\/hlavac\/\">Hlav\u00e1\u010d.<\/a> Send your suggestions to <a href=\"mailto:vaclav.hlavac@cvut.cz\">vaclav.hlavac@cvut.cz<\/a><\/p>\n\n\n<p><\/p>\n","protected":false},"excerpt":{"rendered":"<p>CMP secretariat Person KN (Eva Matyskov\u00e1, head, FEL members, facilities @ Dept. of Cybernetics, FEL) Librarian (Hana Pokorn\u00e1) Person CIIRC (Petra \u017dufn\u00ed\u010dkov\u00e1, CIIRC members, facilities @ CIIRC) CMP board Members: Boris Flach, Ond\u0159ej Chum, V\u00e1clav Hlav\u00e1\u010d (head), Jan Kybic, Ji\u0159\u00ed Matas, Eva Matyskov\u00e1, Mirko Navara, Tom\u00e1\u0161 Pajdla, Vladim\u00edr Smutn\u00fd, Tom\u00e1\u0161 Svoboda, Radim \u0160\u00e1ra,\u00a0 Josef \u0160ivic &hellip; <a href=\"https:\/\/cmp.felk.cvut.cz\/new_pages\/contacts\/\" class=\"more-link\">Continue reading <span class=\"screen-reader-text\">Contacts<\/span><\/a><\/p>\n","protected":false},"author":2,"featured_media":0,"parent":0,"menu_order":7,"comment_status":"closed","ping_status":"closed","template":"","meta":[],"_links":{"self":[{"href":"https:\/\/cmp.felk.cvut.cz\/new_pages\/wp-json\/wp\/v2\/pages\/12"}],"collection":[{"href":"https:\/\/cmp.felk.cvut.cz\/new_pages\/wp-json\/wp\/v2\/pages"}],"about":[{"href":"https:\/\/cmp.felk.cvut.cz\/new_pages\/wp-json\/wp\/v2\/types\/page"}],"author":[{"embeddable":true,"href":"https:\/\/cmp.felk.cvut.cz\/new_pages\/wp-json\/wp\/v2\/users\/2"}],"replies":[{"embeddable":true,"href":"https:\/\/cmp.felk.cvut.cz\/new_pages\/wp-json\/wp\/v2\/comments?post=12"}],"version-history":[{"count":7,"href":"https:\/\/cmp.felk.cvut.cz\/new_pages\/wp-json\/wp\/v2\/pages\/12\/revisions"}],"predecessor-version":[{"id":233,"href":"https:\/\/cmp.felk.cvut.cz\/new_pages\/wp-json\/wp\/v2\/pages\/12\/revisions\/233"}],"wp:attachment":[{"href":"https:\/\/cmp.felk.cvut.cz\/new_pages\/wp-json\/wp\/v2\/media?parent=12"}],"curies":[{"name":"wp","href":"https:\/\/api.w.org\/{rel}","templated":true}]}}