{"id":481,"date":"2019-06-28T09:03:48","date_gmt":"2019-06-28T09:03:48","guid":{"rendered":"http:\/\/cmp.felk.cvut.cz\/new_pages\/?page_id=481"},"modified":"2019-07-02T13:30:08","modified_gmt":"2019-07-02T13:30:08","slug":"seminars","status":"publish","type":"page","link":"https:\/\/cmp.felk.cvut.cz\/new_pages\/seminars\/","title":{"rendered":"CMP events"},"content":{"rendered":"<H2>Upcoming events<\/H2>\n<UL>\n<\/UL>\n<H2>Past events<\/H2>\n<UL>\n<LI><span class=\"date\">08.12.2025<\/span> <span class=\"type\">Seminar<\/span>: <span class=\"lecturer\">Dominika Bure\u0161ov\u00e1<\/span> &mdash; <span class=\"title\"> <A HREF=\"?event=1794\">Quantum Logics with Symmetric Difference: Algebraic and causal-principle perspectives<\/A><\/span><\/LI>\n<LI><span class=\"date\">19.09.2025<\/span> <span class=\"type\">Seminar<\/span>: <span class=\"lecturer\">Martin Schmid<\/span> &mdash; <span class=\"title\"> <A HREF=\"?event=1775\">The Story of Applied Reinforcement Learning<\/A><\/span><\/LI>\n<LI><span class=\"date\">26.08.2025<\/span> <span class=\"type\">Seminar<\/span>: <span class=\"lecturer\">Josip \u0160ari\u0107<\/span> &mdash; <span class=\"title\"> <A HREF=\"?event=1767\">What holds back open-vocabulary segmentation?<\/A><\/span><\/LI>\n<LI><span class=\"date\">31.07.2025<\/span> <span class=\"type\"><\/span>: <span class=\"lecturer\">Sajid Javed<\/span> &mdash; <span class=\"title\"> <A HREF=\"?event=1764\">Marine Image Analysis, Datasets, and Applications (! Date change !)<\/A><\/span><\/LI>\n<LI><span class=\"date\">24.07.2025<\/span> <span class=\"type\">Seminar<\/span>: <span class=\"lecturer\">Sajid Javed<\/span> &mdash; <span class=\"title\"> <A HREF=\"?event=1763\">Cancerous Footprints in Histopathological landscape  <\/A><\/span><\/LI>\n<LI><span class=\"date\">10.07.2025<\/span> <span class=\"type\">Seminar<\/span>: <span class=\"lecturer\">Matej Kristan<\/span> &mdash; <span class=\"title\"> <A HREF=\"?event=1761\">HIDRA3\/D: Recent advances in deep learning for coastal flood prediction<\/A><\/span><\/LI>\n<LI><span class=\"date\">27.06.2025<\/span> <span class=\"type\">Seminar<\/span>: <span class=\"lecturer\">Dr. Oisin Mac Aodha<\/span> &mdash; <span class=\"title\"> <A HREF=\"?event=1760\">Learning from Visual Data in the Wild<\/A><\/span><\/LI>\n<LI><span class=\"date\">08.04.2025<\/span> <span class=\"type\">Seminar<\/span>: <span class=\"lecturer\">Ivana Benova<\/span> &mdash; <span class=\"title\"> <A HREF=\"?event=1740\">How to Probe Vision-Language Models for Deeper Understanding<\/A><\/span><\/LI>\n<LI><span class=\"date\">09.01.2025<\/span> <span class=\"type\">Seminar<\/span>: <span class=\"lecturer\">Tom\u00e1\u0161 Werner<\/span> &mdash; <span class=\"title\"> <A HREF=\"?event=1694\">Using Constraint Propagation to Bound Linear Programs<\/A><\/span><\/LI>\n<LI><span class=\"date\">17.12.2024<\/span> <span class=\"type\">Seminar<\/span>: <span class=\"lecturer\">Symeon Papadopoulos<\/span> &mdash; <span class=\"title\"> <A HREF=\"?event=1687\">Visual and multimodal disinformation detection methods and tools<\/A><\/span><\/LI>\n<LI><span class=\"date\">17.10.2024<\/span> <span class=\"type\">One day colloquium<\/span>:  &mdash; <span class=\"title\"> <A HREF=\"?event=1679\">48th Pattern Recognition and Computer Vision Colloquium<\/A><\/span><\/LI>\n<LI><span class=\"date\">27.07.2024<\/span> <span class=\"type\">Workshop<\/span>:  &mdash; <span class=\"title\"> <A HREF=\"?event=1669\">VS3 2024 Saturday Workshop<\/A><\/span><\/LI>\n<LI><span class=\"date\">18.07.2024<\/span> <span class=\"type\">Seminar<\/span>: <span class=\"lecturer\">Ahmet Iscen<\/span> &mdash; <span class=\"title\"> <A HREF=\"?event=1656\">A Generative Approach for Wikipedia-Scale Visual Entity Recognition<\/A><\/span><\/LI>\n<LI><span class=\"date\">11.06.2024<\/span> <span class=\"type\">Seminar<\/span>: <span class=\"lecturer\">V\u00e1clav Vor\u00e1\u010dek<\/span> &mdash; <span class=\"title\"> <A HREF=\"?event=1660\">Some (Optimization) Problems in Certifiable Adversarial Robustness<\/A><\/span><\/LI>\n<LI><span class=\"date\">28.05.2024<\/span> <span class=\"type\">Seminar<\/span>:  &mdash; <span class=\"title\"> <A HREF=\"?event=1650\">CMP seminar cancelled<\/A><\/span><\/LI>\n<LI><span class=\"date\">28.05.2024<\/span> <span class=\"type\">Reading group<\/span>: <span class=\"lecturer\">Georgy Ponimatkin<\/span> &mdash; <span class=\"title\"> <A HREF=\"?event=1657\">DINO+DINOv2: Learning Robust Visual Features without Supervision<\/A><\/span><\/LI>\n<\/UL>\n\n","protected":false},"excerpt":{"rendered":"","protected":false},"author":1,"featured_media":0,"parent":0,"menu_order":0,"comment_status":"closed","ping_status":"closed","template":"","meta":[],"_links":{"self":[{"href":"https:\/\/cmp.felk.cvut.cz\/new_pages\/wp-json\/wp\/v2\/pages\/481"}],"collection":[{"href":"https:\/\/cmp.felk.cvut.cz\/new_pages\/wp-json\/wp\/v2\/pages"}],"about":[{"href":"https:\/\/cmp.felk.cvut.cz\/new_pages\/wp-json\/wp\/v2\/types\/page"}],"author":[{"embeddable":true,"href":"https:\/\/cmp.felk.cvut.cz\/new_pages\/wp-json\/wp\/v2\/users\/1"}],"replies":[{"embeddable":true,"href":"https:\/\/cmp.felk.cvut.cz\/new_pages\/wp-json\/wp\/v2\/comments?post=481"}],"version-history":[{"count":2,"href":"https:\/\/cmp.felk.cvut.cz\/new_pages\/wp-json\/wp\/v2\/pages\/481\/revisions"}],"predecessor-version":[{"id":486,"href":"https:\/\/cmp.felk.cvut.cz\/new_pages\/wp-json\/wp\/v2\/pages\/481\/revisions\/486"}],"wp:attachment":[{"href":"https:\/\/cmp.felk.cvut.cz\/new_pages\/wp-json\/wp\/v2\/media?parent=481"}],"curies":[{"name":"wp","href":"https:\/\/api.w.org\/{rel}","templated":true}]}}